{"id":245,"date":"2018-04-09T12:05:22","date_gmt":"2018-04-09T12:05:22","guid":{"rendered":"http:\/\/mlgserver.com\/sagesa\/en\/?page_id=245"},"modified":"2019-10-14T08:12:52","modified_gmt":"2019-10-14T08:12:52","slug":"services","status":"publish","type":"page","link":"https:\/\/sagesa.net\/en\/services\/","title":{"rendered":"Services"},"content":{"rendered":"[vc_row fullwidth=&#8221;true&#8221; fullwidth_content=&#8221;false&#8221; css=&#8221;.vc_custom_1523353666906{padding-top: 50px !important;padding-right: 15px !important;padding-bottom: 30px !important;padding-left: 15px !important;}&#8221;][vc_column][vc_column_text css=&#8221;.vc_custom_1534931556492{margin-bottom: 0px !important;}&#8221;]\n<h3 style=\"text-align: center;\">We are at your service. Professionals with experience<\/h3>\n[\/vc_column_text][vc_separator color=&#8221;custom&#8221; border_width=&#8221;5&#8243; el_width=&#8221;30&#8243; accent_color=&#8221;#6d6d6d&#8221;][\/vc_column][\/vc_row][vc_row el_class=&#8221;iconos&#8221; css=&#8221;.vc_custom_1523354932577{padding-bottom: 30px !important;}&#8221;][vc_column width=&#8221;1\/3&#8243;][mk_icon_box2 icon_type=&#8221;image&#8221; icon_size=&#8221;inherit&#8221; icon_image=&#8221;https:\/\/sagesa.net\/wp-content\/uploads\/2018\/06\/silver-administracion-de-fincas.png&#8221; title=&#8221;Property administration&#8221; title_weight=&#8221;bold&#8221; title_bottom_padding=&#8221;0&#8243; read_more_url=&#8221;https:\/\/sagesa.net\/en\/property-administration\/&#8221;]Community administration and management of residential complexes.[\/mk_icon_box2][\/vc_column][vc_column width=&#8221;1\/3&#8243;][mk_icon_box2 icon_type=&#8221;image&#8221; icon_size=&#8221;inherit&#8221; icon_image=&#8221;https:\/\/sagesa.net\/wp-content\/uploads\/2018\/06\/silver-limpieza-y-lavanderia.png&#8221; title=&#8221;Cleaning &amp; Laundry&#8221; title_weight=&#8221;bold&#8221; title_bottom_padding=&#8221;0&#8243; read_more_url=&#8221;https:\/\/sagesa.net\/en\/services\/cleaning-services\/&#8221;]Cleaning packages, from basic to in-depth cleaning and laundry services.<br \/>\nCommunity | Company | Users[\/mk_icon_box2][\/vc_column][vc_column width=&#8221;1\/3&#8243;][mk_icon_box2 icon_type=&#8221;image&#8221; icon_size=&#8221;inherit&#8221; icon_image=&#8221;https:\/\/sagesa.net\/wp-content\/uploads\/2018\/06\/silver-paisajismo.png&#8221; title=&#8221;Gardening &amp; Landscaping&#8221; title_weight=&#8221;bold&#8221; title_bottom_padding=&#8221;0&#8243; read_more_url=&#8221;https:\/\/sagesa.net\/en\/services\/maintenance-and-design-of-gardens\/&#8221;]Maintenance and design of gardens and pool service during all the year.<br \/>\nCommunity | Company | Users[\/mk_icon_box2][\/vc_column][\/vc_row][vc_row el_class=&#8221;iconos&#8221;][vc_column width=&#8221;1\/3&#8243;][mk_icon_box2 icon_type=&#8221;image&#8221; icon_size=&#8221;inherit&#8221; icon_image=&#8221;https:\/\/sagesa.net\/wp-content\/uploads\/2018\/06\/silver-mantenimiento.png&#8221; title=&#8221;Maintenance and Reforms&#8221; title_weight=&#8221;bold&#8221; title_bottom_padding=&#8221;0&#8243; read_more_url=&#8221;https:\/\/sagesa.net\/en\/services\/maintenance\/&#8221;]General maintenance. 24 hour emergency call out.[\/mk_icon_box2][\/vc_column][vc_column width=&#8221;1\/3&#8243;][mk_icon_box2 icon_type=&#8221;image&#8221; icon_size=&#8221;inherit&#8221; icon_image=&#8221;https:\/\/sagesa.net\/wp-content\/uploads\/2018\/06\/silver-impuestos.png&#8221; title=&#8221;Tax Advice&#8221; title_weight=&#8221;bold&#8221; title_bottom_padding=&#8221;0&#8243; read_more_url=&#8221;https:\/\/sagesa.net\/en\/services\/tax-advice\/&#8221;]Tax advice for owner\u2019s non-Residents in Spain and payment of relevant annual taxes.[\/mk_icon_box2][\/vc_column][vc_column width=&#8221;1\/3&#8243;][mk_icon_box2 icon_type=&#8221;image&#8221; icon_size=&#8221;inherit&#8221; icon_image=&#8221;https:\/\/sagesa.net\/wp-content\/uploads\/2018\/06\/silver-seguros.png&#8221; title=&#8221;Insurance brokerage&#8221; title_weight=&#8221;bold&#8221; title_bottom_padding=&#8221;0&#8243; read_more_url=&#8221;https:\/\/sagesa.net\/en\/services\/insurance-brokerage\/&#8221;]we arrange any insurance to each need, communities and private.[\/mk_icon_box2][\/vc_column][\/vc_row][vc_row fullwidth=&#8221;true&#8221; fullwidth_content=&#8221;false&#8221; css=&#8221;.vc_custom_1523353666906{padding-top: 50px !important;padding-right: 15px !important;padding-bottom: 30px !important;padding-left: 15px !important;}&#8221;][vc_column][vc_column_text css=&#8221;.vc_custom_1535375629930{margin-bottom: 0px !important;}&#8221;]\n<p style=\"text-align: justify;\"><span lang=\"EN-US\">I<\/span><span lang=\"EN\">n Sagesa we offer our services to more than 70 developments on the Costa del Sol, from Alhaur\u00edn de la Torre to Manilva. We offer assistance in daily maintenance, providing staff\u00a0 to individual properties and their common elements, as well as professional assistance in the management of taxes and insurance related to the property.<\/span><\/p>\n<p style=\"text-align: justify;\">We address all the communities of owners or complexes that need professionally management of any of our services, either by providing one of them or through a package of fully customized services. Our expert staff will advise you on the management of your Community, adapting to any budget.<\/p>\n[\/vc_column_text][\/vc_column][\/vc_row][vc_row][vc_column width=&#8221;1\/3&#8243;][\/vc_column][vc_column width=&#8221;1\/3&#8243;][vc_column_text css=&#8221;.vc_custom_1540382871982{margin-bottom: 0px !important;}&#8221;]<a href=\"https:\/\/sagesa.net\/wp-content\/uploads\/2018\/10\/brochure-ing.pdf\" target=\"_blank\" rel=\"noopener\"><b><i><span lang=\"EN-US\"><img loading=\"lazy\" decoding=\"async\" class=\"aligncenter wp-image-449 size-thumbnail\" src=\"https:\/\/sagesa.net\/wp-content\/uploads\/2018\/07\/pdf-150x150.png\" alt=\"pdf\" width=\"150\" height=\"150\" srcset=\"https:\/\/sagesa.net\/wp-content\/uploads\/2018\/07\/pdf-150x150.png 150w, https:\/\/sagesa.net\/wp-content\/uploads\/2018\/07\/pdf-1024x1024.png 1024w\" sizes=\"(max-width: 150px) 100vw, 150px\" \/><\/span><\/i><\/b><\/a>[\/vc_column_text][vc_column_text css=&#8221;.vc_custom_1540382886269{margin-bottom: 0px !important;}&#8221;]\n<p style=\"text-align: center;\"><b><i><span lang=\"EN-US\"><a href=\"https:\/\/sagesa.net\/wp-content\/uploads\/2018\/10\/brochure-ing.pdf\" target=\"_blank\" rel=\"noopener\">Download Brochure online <\/a><\/span><\/i><\/b><\/p>\n[\/vc_column_text][vc_empty_space][\/vc_column][vc_column width=&#8221;1\/3&#8243;][\/vc_column][\/vc_row][vc_row fullwidth=&#8221;true&#8221; disable_element=&#8221;yes&#8221; css=&#8221;.vc_custom_1532514013142{padding-top: 50px !important;padding-right: 15px !important;padding-bottom: 30px !important;padding-left: 15px !important;}&#8221;][vc_column][vc_gmaps link=&#8221;#E-8_JTNDaWZyYW1lJTIwc3JjJTNEJTIyaHR0cHMlM0ElMkYlMkZ3d3cuZ29vZ2xlLmNvbSUyRm1hcHMlMkZkJTJGZW1iZWQlM0ZtaWQlM0QxVjl2WkRDZGdxN3NQOE5Fb0FHaGJuaW85NVJlRThEZU4lMjZobCUzRGVzJTIyJTIwd2lkdGglM0QlMjI2NDAlMjIlMjBoZWlnaHQlM0QlMjI0ODAlMjIlM0UlM0MlMkZpZnJhbWUlM0U=&#8221;][\/vc_column][\/vc_row][vc_row fullwidth=&#8221;true&#8221; fullwidth_content=&#8221;false&#8221; css=&#8221;.vc_custom_1531210620884{margin-top: -70px !important;margin-bottom: -50px !important;padding-top: 50px !important;padding-right: 15px !important;padding-bottom: 50px !important;padding-left: 15px !important;background-image: url(https:\/\/sagesa.net\/wp-content\/uploads\/2018\/06\/silver.jpg?id=349) !important;}&#8221; el_class=&#8221;pidepresupuesto&#8221;][vc_column width=&#8221;1\/4&#8243;][\/vc_column][vc_column width=&#8221;1\/2&#8243;][vc_column_text css=&#8221;.vc_custom_1534931545184{margin-bottom: 0px !important;}&#8221;]\n<h3 style=\"text-align: center;\">Request your quote<\/h3>\n\n<div class=\"wpcf7 no-js\" id=\"wpcf7-f564-o1\" lang=\"es-ES\" dir=\"ltr\">\n<div class=\"screen-reader-response\"><p role=\"status\" aria-live=\"polite\" aria-atomic=\"true\"><\/p> <ul><\/ul><\/div>\n<form action=\"\/en\/wp-json\/wp\/v2\/pages\/245#wpcf7-f564-o1\" method=\"post\" class=\"wpcf7-form init\" aria-label=\"Formulario de contacto\" novalidate=\"novalidate\" data-status=\"init\">\n<div style=\"display: none;\">\n<input type=\"hidden\" name=\"_wpcf7\" value=\"564\" \/>\n<input type=\"hidden\" name=\"_wpcf7_version\" value=\"5.9.8\" \/>\n<input type=\"hidden\" name=\"_wpcf7_locale\" value=\"es_ES\" \/>\n<input type=\"hidden\" name=\"_wpcf7_unit_tag\" value=\"wpcf7-f564-o1\" \/>\n<input type=\"hidden\" name=\"_wpcf7_container_post\" value=\"0\" \/>\n<input type=\"hidden\" name=\"_wpcf7_posted_data_hash\" value=\"\" \/>\n<\/div>\n<p><label> Name*<br \/>\n<span class=\"wpcf7-form-control-wrap\" data-name=\"your-name\"><input size=\"40\" maxlength=\"400\" class=\"wpcf7-form-control wpcf7-text wpcf7-validates-as-required\" aria-required=\"true\" aria-invalid=\"false\" value=\"\" type=\"text\" name=\"your-name\" \/><\/span> <\/label>\n<\/p>\n<p><label> Email*<br \/>\n<span class=\"wpcf7-form-control-wrap\" data-name=\"your-email\"><input size=\"40\" maxlength=\"400\" class=\"wpcf7-form-control wpcf7-email wpcf7-validates-as-required wpcf7-text wpcf7-validates-as-email\" aria-required=\"true\" aria-invalid=\"false\" value=\"\" type=\"email\" name=\"your-email\" \/><\/span> <\/label>\n<\/p>\n<p><label> Phone*<br \/>\n<span class=\"wpcf7-form-control-wrap\" data-name=\"telefono\"><input size=\"40\" maxlength=\"400\" class=\"wpcf7-form-control wpcf7-text wpcf7-validates-as-required\" aria-required=\"true\" aria-invalid=\"false\" value=\"\" type=\"text\" name=\"telefono\" \/><\/span> <\/label>\n<\/p>\n<p><label> Select Service*<br \/>\n<span class=\"wpcf7-form-control-wrap\" data-name=\"menu-677\"><select class=\"wpcf7-form-control wpcf7-select wpcf7-validates-as-required\" aria-required=\"true\" aria-invalid=\"false\" name=\"menu-677\"><option value=\"\">&#8212;Por favor, elige una opci\u00f3n&#8212;<\/option><option value=\"Cleaning services\">Cleaning services<\/option><option value=\"Insurance Brokerage\">Insurance Brokerage<\/option><option value=\"Maintenance\">Maintenance<\/option><option value=\"Maintenance and design of gardens\">Maintenance and design of gardens<\/option><option value=\"Tax Advice\">Tax Advice<\/option><option value=\"Property Administration\">Property Administration<\/option><\/select><\/span><\/label>\n<\/p>\n<p><label> Message*<br \/>\n<span class=\"wpcf7-form-control-wrap\" data-name=\"your-message\"><textarea cols=\"40\" rows=\"10\" maxlength=\"2000\" class=\"wpcf7-form-control wpcf7-textarea wpcf7-validates-as-required\" aria-required=\"true\" aria-invalid=\"false\" name=\"your-message\"><\/textarea><\/span> <\/label>\n<\/p>\n<p><span class=\"float:left;width:5%;background:pink;overflow:auto;\"><span class=\"wpcf7-form-control-wrap\" data-name=\"acceptance-483\"><span class=\"wpcf7-form-control wpcf7-acceptance\"><span class=\"wpcf7-list-item\"><input type=\"checkbox\" name=\"acceptance-483\" value=\"1\" aria-invalid=\"false\" \/><\/span><\/span><\/span><\/span><span class=\"float:left;width:90%;background:red;\"> Accept <a href=\"https:\/\/sagesa.net\/en\/politica-de-privacidad\/\" target=\"_blank\">privacy policy<\/a><\/span>\n<\/p>\n<p>[recaptcha]\n<\/p>\n<p><input class=\"wpcf7-form-control wpcf7-submit has-spinner\" type=\"submit\" value=\"Send\" \/>\n<\/p><div class=\"wpcf7-response-output\" aria-hidden=\"true\"><\/div>\n<\/form>\n<\/div>\n[\/vc_column_text][\/vc_column][vc_column width=&#8221;1\/4&#8243;][\/vc_column][\/vc_row][vc_row disable_element=&#8221;yes&#8221; css=&#8221;.vc_custom_1527843241561{border-left-width: 5px !important;padding-left: 5px !important;border-left-color: #230078 !important;border-left-style: solid !important;}&#8221;][vc_column][vc_column_text css=&#8221;.vc_custom_1523283059377{margin-bottom: 0px !important;}&#8221;]\n<h2>Estamos a su servicio<\/h2>\n[\/vc_column_text][vc_column_text css=&#8221;.vc_custom_1523283070946{margin-top: -10px !important;margin-bottom: 0px !important;}&#8221;]\n<h3>Profesionales con experiencia<\/h3>\n[\/vc_column_text][\/vc_column][\/vc_row][vc_row disable_element=&#8221;yes&#8221; el_class=&#8221;azul&#8221;][vc_column][vc_row_inner attached=&#8221;true&#8221; css=&#8221;.vc_custom_1523284666673{margin-top: 15px !important;}&#8221;][vc_column_inner width=&#8221;3\/4&#8243;][vc_column_text css=&#8221;.vc_custom_1523283258858{margin-bottom: 0px !important;padding-right: 30px !important;}&#8221;]\n<p style=\"text-align: justify;\">En Sagesa ofrecemos nuestros servicios a m\u00e1s de 60 urbanizaciones de la Costa del Sol, desde Alhaur\u00edn de la Torre hasta Manilva. Ofrecemos asistencia en el mantenimiento diario, dotando de personal a las propiedades individuales y sus elementos comunes, adem\u00e1s de asistencia profesional en la gesti\u00f3n en cuesti\u00f3n de impuestos y de seguros relacionados con la propiedad.<\/p>\n<p style=\"text-align: justify;\">Nos dirigimos a todas las Comunidades de propietarios o complejos urban\u00edsticos que necesiten de manera profesional la gesti\u00f3n de cualquiera de nuestros servicios, ya sea mediante la prestaci\u00f3n de uno de ellos o a trav\u00e9s de un paquete de servicios totalmente personalizado. Nuestro personal experto le asesorar\u00e1 para la gesti\u00f3n de su Comunidad adapt\u00e1ndose a cualquier presupuesto.<\/p>\n[\/vc_column_text][vc_separator css=&#8221;.vc_custom_1523283391353{padding-right: 30px !important;}&#8221;][vc_column_text css=&#8221;.vc_custom_1523283379289{margin-bottom: 0px !important;padding-right: 30px !important;}&#8221;]\n<h4>SERVICIOS DE LIMPIEZA<\/h4>\n<p style=\"text-align: justify;\">Disponemos de diversos paquetes de limpieza,\u00a0desde limpieza b\u00e1sica hasta limpieza a fondo,\u00a0antes de su llegada, durante su estancia y tras\u00a0su partida. Asimismo, disponemos de servicios\u00a0integrales de limpieza en seco y de\u00a0 lavander\u00eda.<\/p>\n<p style=\"text-align: justify;\">Ponemos adem\u00e1s a su disposici\u00f3n las s\u00e1banas y\u00a0toallas que necesite para su propiedad.<\/p>\n[\/vc_column_text][vc_separator css=&#8221;.vc_custom_1523283396769{padding-right: 30px !important;}&#8221;][vc_column_text css=&#8221;.vc_custom_1523283545529{margin-bottom: 0px !important;padding-right: 30px !important;}&#8221;]\n<h4>MANTENIMIENTO Y DISE\u00d1O DE JARDINES<\/h4>\n<p>Ofrecemos el mantenimiento de jardines y\u00a0piscinas durante todo el a\u00f1o. Nuestros paisajistas\u00a0especializados elaboran planos y presupuestos\u00a0detallados para la creaci\u00f3n de nuevos proyectos, as\u00ed\u00a0como para la mejora de jardines ya existentes.[\/vc_column_text][vc_separator css=&#8221;.vc_custom_1523283396769{padding-right: 30px !important;}&#8221;][vc_column_text css=&#8221;.vc_custom_1523283661627{margin-bottom: 0px !important;padding-right: 30px !important;}&#8221;]\n<h4>MANTENIMIENTO<\/h4>\n<p style=\"text-align: justify;\">Ponemos a su disposici\u00f3n diversos trabajos de\u00a0mantenimiento general que incluyen fontaner\u00eda,\u00a0electricidad, reformas, toldos, rejas, etc., con\u00a0servicio 24 horas de emergencia.<\/p>\n[\/vc_column_text][vc_separator css=&#8221;.vc_custom_1523283396769{padding-right: 30px !important;}&#8221;][vc_column_text css=&#8221;.vc_custom_1523283668059{margin-bottom: 0px !important;padding-right: 30px !important;}&#8221;]\n<h4>ASESORAMIENTO FISCAL<\/h4>\n<p>Contamos con un completo servicio de\u00a0asesoramiento fiscal para los propietarios no\u00a0residentes en Espa\u00f1a. Incluye la gesti\u00f3n y\u00a0presentaci\u00f3n de toda la documentaci\u00f3n necesaria\u00a0para el pago de los impuestos anuales pertinentes.[\/vc_column_text][vc_separator css=&#8221;.vc_custom_1523283396769{padding-right: 30px !important;}&#8221;][vc_column_text css=&#8221;.vc_custom_1523283674522{margin-bottom: 0px !important;padding-right: 30px !important;}&#8221;]\n<h4>CORREDUR\u00cdA DE SEGUROS<\/h4>\n<p>Le gestionamos seguros de cobertura adaptados\u00a0a cada necesidad, tanto en Comunidades como\u00a0en el plano privado.[\/vc_column_text][\/vc_column_inner][vc_column_inner width=&#8221;1\/4&#8243;][vc_column_text css=&#8221;.vc_custom_1523283184131{margin-bottom: 0px !important;}&#8221;]<img loading=\"lazy\" decoding=\"async\" class=\"alignnone size-full wp-image-39\" src=\"https:\/\/sagesa.net\/wp-content\/uploads\/2018\/04\/servicios-01.jpg\" alt=\"\" width=\"255\" height=\"254\" srcset=\"https:\/\/sagesa.net\/wp-content\/uploads\/2018\/04\/servicios-01.jpg 255w, https:\/\/sagesa.net\/wp-content\/uploads\/2018\/04\/servicios-01-150x150.jpg 150w\" sizes=\"(max-width: 255px) 100vw, 255px\" \/>[\/vc_column_text][vc_column_text css=&#8221;.vc_custom_1523283198963{margin-bottom: 0px !important;}&#8221;]<img loading=\"lazy\" decoding=\"async\" class=\"alignnone size-full wp-image-40\" src=\"https:\/\/sagesa.net\/wp-content\/uploads\/2018\/04\/servicios-02.jpg\" alt=\"\" width=\"255\" height=\"255\" srcset=\"https:\/\/sagesa.net\/wp-content\/uploads\/2018\/04\/servicios-02.jpg 255w, https:\/\/sagesa.net\/wp-content\/uploads\/2018\/04\/servicios-02-150x150.jpg 150w\" sizes=\"(max-width: 255px) 100vw, 255px\" \/>[\/vc_column_text][vc_column_text css=&#8221;.vc_custom_1523283213178{margin-bottom: 0px !important;}&#8221;]<img loading=\"lazy\" decoding=\"async\" class=\"alignnone size-full wp-image-41\" src=\"https:\/\/sagesa.net\/wp-content\/uploads\/2018\/04\/servicios-03.jpg\" alt=\"\" width=\"255\" height=\"255\" srcset=\"https:\/\/sagesa.net\/wp-content\/uploads\/2018\/04\/servicios-03.jpg 255w, https:\/\/sagesa.net\/wp-content\/uploads\/2018\/04\/servicios-03-150x150.jpg 150w\" sizes=\"(max-width: 255px) 100vw, 255px\" \/>[\/vc_column_text][vc_column_text css=&#8221;.vc_custom_1523283882805{margin-bottom: 0px !important;}&#8221;]<img loading=\"lazy\" decoding=\"async\" class=\"alignnone wp-image-50 size-full\" src=\"https:\/\/sagesa.net\/wp-content\/uploads\/2018\/04\/servicios-05.jpg\" alt=\"\" width=\"255\" height=\"255\" srcset=\"https:\/\/sagesa.net\/wp-content\/uploads\/2018\/04\/servicios-05.jpg 255w, https:\/\/sagesa.net\/wp-content\/uploads\/2018\/04\/servicios-05-150x150.jpg 150w\" sizes=\"(max-width: 255px) 100vw, 255px\" \/>[\/vc_column_text][\/vc_column_inner][\/vc_row_inner][\/vc_column][\/vc_row]\n","protected":false},"excerpt":{"rendered":"<p>[vc_row fullwidth=&#8221;true&#8221; fullwidth_content=&#8221;false&#8221; css=&#8221;.vc_custom_1523353666906{padding-top: 50px !important;padding-right: 15px !important;padding-bottom: 30px !important;padding-left: 15px !important;}&#8221;][vc_column][vc_column_text css=&#8221;.vc_custom_1534931556492{margin-bottom: 0px !important;}&#8221;] We are at your service. Professionals with experience [\/vc_column_text][vc_separator color=&#8221;custom&#8221; border_width=&#8221;5&#8243; el_width=&#8221;30&#8243; accent_color=&#8221;#6d6d6d&#8221;][\/vc_column][\/vc_row][vc_row el_class=&#8221;iconos&#8221; css=&#8221;.vc_custom_1523354932577{padding-bottom: 30px !important;}&#8221;][vc_column width=&#8221;1\/3&#8243;][mk_icon_box2 icon_type=&#8221;image&#8221; icon_size=&#8221;inherit&#8221; icon_image=&#8221;https:\/\/sagesa.net\/wp-content\/uploads\/2018\/06\/silver-administracion-de-fincas.png&#8221; title=&#8221;Property administration&#8221; title_weight=&#8221;bold&#8221; title_bottom_padding=&#8221;0&#8243; read_more_url=&#8221;https:\/\/sagesa.net\/en\/property-administration\/&#8221;]Community administration and management of residential complexes.[\/mk_icon_box2][\/vc_column][vc_column width=&#8221;1\/3&#8243;][mk_icon_box2 icon_type=&#8221;image&#8221; icon_size=&#8221;inherit&#8221; icon_image=&#8221;https:\/\/sagesa.net\/wp-content\/uploads\/2018\/06\/silver-limpieza-y-lavanderia.png&#8221; title=&#8221;Cleaning &amp; Laundry&#8221; title_weight=&#8221;bold&#8221; [&hellip;]<\/p>\n","protected":false},"author":1,"featured_media":0,"parent":0,"menu_order":0,"comment_status":"closed","ping_status":"closed","template":"","meta":{"footnotes":""},"_links":{"self":[{"href":"https:\/\/sagesa.net\/en\/wp-json\/wp\/v2\/pages\/245"}],"collection":[{"href":"https:\/\/sagesa.net\/en\/wp-json\/wp\/v2\/pages"}],"about":[{"href":"https:\/\/sagesa.net\/en\/wp-json\/wp\/v2\/types\/page"}],"author":[{"embeddable":true,"href":"https:\/\/sagesa.net\/en\/wp-json\/wp\/v2\/users\/1"}],"replies":[{"embeddable":true,"href":"https:\/\/sagesa.net\/en\/wp-json\/wp\/v2\/comments?post=245"}],"version-history":[{"count":0,"href":"https:\/\/sagesa.net\/en\/wp-json\/wp\/v2\/pages\/245\/revisions"}],"wp:attachment":[{"href":"https:\/\/sagesa.net\/en\/wp-json\/wp\/v2\/media?parent=245"}],"curies":[{"name":"wp","href":"https:\/\/api.w.org\/{rel}","templated":true}]}}