{"id":243,"date":"2018-04-11T09:56:09","date_gmt":"2018-04-11T09:56:09","guid":{"rendered":"http:\/\/mlgserver.com\/sagesa\/en\/?page_id=243"},"modified":"2019-07-09T14:21:23","modified_gmt":"2019-07-09T14:21:23","slug":"privacy-policy","status":"publish","type":"page","link":"https:\/\/sagesa.net\/en\/privacy-policy\/","title":{"rendered":"Privacy Policy"},"content":{"rendered":"<p style=\"text-align: justify;\"><strong>SERVICIOS DE ADMINISTRACI\u00d3N Y GESTI\u00d3N S.A. en adelante, SAGESA<\/strong> declara su respeto y cumplimiento de las disposiciones recogidas en el Reglamento (UE) 2016\/679 (RGPD), en la Ley 3\/2018 (LOPDGDD) y en la Ley 34\/2002 de Servicios de la Sociedad de la Informaci\u00f3n y de Comercio Electr\u00f3nico declarando que se han establecido todos los medios t\u00e9cnicos para evitar la p\u00e9rdida, mal uso, alteraci\u00f3n, acceso no autorizado y robo de documentos que contengan datos de car\u00e1cter personal. No obstante lo anterior, el usuario debe ser consciente de que las medidas de seguridad en Internet no son inexpugnables y pueden existir filtraciones por actos fraudulentos de terceros.<\/p>\n<p style=\"text-align: justify;\">Asimismo, le informamos que los datos que facilite a trav\u00e9s de la p\u00e1gina web se tratar\u00e1n seg\u00fan el registro de actividades de tratamiento de datos de car\u00e1cter personal propiedad de <strong>SAGESA<\/strong> y que quedar\u00e1 bajo responsabilidad de la empresa. Dichos datos ser\u00e1n tratados de forma confidencial y exclusiva por <strong>SAGESA<\/strong>.<\/p>\n<p style=\"text-align: justify;\">La recogida de datos se realizar\u00e1 mediante la cumplimentaci\u00f3n de los formularios de las distintas secciones de la p\u00e1gina web. Pulsando el bot\u00f3n de \u201cenviar\u201d y aceptando el aviso legal del correspondiente formulario, el usuario consiente y acepta que sus datos pasen a formar parte de la base de datos de la empresa, sean tratados seg\u00fan el registros de actividades de tratamiento y que sean utilizados con fines comerciales y de env\u00edo de informaci\u00f3n.<\/p>\n<p style=\"text-align: justify;\">Asimismo, y a menos que se indique lo contrario, las respuestas a preguntas de car\u00e1cter personal en los distintos formularios son voluntarias, sin que la falta de contestaci\u00f3n a dichas preguntas suponga una disminuci\u00f3n de los servicios solicitados.<br \/>\nLa falta de cumplimentaci\u00f3n de los campos determinados como obligatorios o el suministro de datos incorrectos impedir\u00e1 a <strong>SAGESA<\/strong> la prestaci\u00f3n de los servicios requeridos.<\/p>\n<p style=\"text-align: justify;\">Le informamos de la posibilidad de que ejerza los derechos de acceso, rectificaci\u00f3n, cancelaci\u00f3n, oposici\u00f3n, olvido, limitaci\u00f3n y portabilidad de sus datos de car\u00e1cter personal, enviando un correo electr\u00f3nico a la direcci\u00f3n dpd@sagesa.net en los t\u00e9rminos establecidos en la legislaci\u00f3n vigente.<\/p>\n<p style=\"text-align: justify;\"><strong>CL\u00c1USULA LOPDGDD<\/strong><\/p>\n<p style=\"text-align: justify;\">De acuerdo con lo establecido en el Reglamento (UE) 2016\/679 (RGPD) y la Ley Org\u00e1nica 3\/2018 (LOPDGDD) , le informamos que los datos proporcionados ser\u00e1n incorporados a un fichero titularidad de SAGESA posteriormente a darnos su consentimiento para ello. La finalidad de estos datos ser\u00e1 la de ofrecer los servicios que prestamos en nuestra empresa.<\/p>\n<p style=\"text-align: justify;\">Le informamos de la posibilidad de que ejerza los derechos de acceso, rectificaci\u00f3n, cancelaci\u00f3n, limitaci\u00f3n, olvido, portabilidad y oposici\u00f3n de sus datos de car\u00e1cter personal, enviando un correo electr\u00f3nico a la direcci\u00f3n dpd@sagesa.net<\/p>\n","protected":false},"excerpt":{"rendered":"<p>SERVICIOS DE ADMINISTRACI\u00d3N Y GESTI\u00d3N S.A. en adelante, SAGESA declara su respeto y cumplimiento de las disposiciones recogidas en el Reglamento (UE) 2016\/679 (RGPD), en la Ley 3\/2018 (LOPDGDD) y en la Ley 34\/2002 de Servicios de la Sociedad de la Informaci\u00f3n y de Comercio Electr\u00f3nico declarando que se han establecido todos los medios t\u00e9cnicos [&hellip;]<\/p>\n","protected":false},"author":1,"featured_media":0,"parent":0,"menu_order":0,"comment_status":"closed","ping_status":"closed","template":"","meta":{"footnotes":""},"_links":{"self":[{"href":"https:\/\/sagesa.net\/en\/wp-json\/wp\/v2\/pages\/243"}],"collection":[{"href":"https:\/\/sagesa.net\/en\/wp-json\/wp\/v2\/pages"}],"about":[{"href":"https:\/\/sagesa.net\/en\/wp-json\/wp\/v2\/types\/page"}],"author":[{"embeddable":true,"href":"https:\/\/sagesa.net\/en\/wp-json\/wp\/v2\/users\/1"}],"replies":[{"embeddable":true,"href":"https:\/\/sagesa.net\/en\/wp-json\/wp\/v2\/comments?post=243"}],"version-history":[{"count":0,"href":"https:\/\/sagesa.net\/en\/wp-json\/wp\/v2\/pages\/243\/revisions"}],"wp:attachment":[{"href":"https:\/\/sagesa.net\/en\/wp-json\/wp\/v2\/media?parent=243"}],"curies":[{"name":"wp","href":"https:\/\/api.w.org\/{rel}","templated":true}]}}