{"id":240,"date":"2018-04-11T09:55:42","date_gmt":"2018-04-11T09:55:42","guid":{"rendered":"http:\/\/mlgserver.com\/sagesa\/en\/?page_id=240"},"modified":"2019-07-09T14:22:18","modified_gmt":"2019-07-09T14:22:18","slug":"cookies","status":"publish","type":"page","link":"https:\/\/sagesa.net\/en\/cookies\/","title":{"rendered":"Cookies"},"content":{"rendered":"<p style=\"text-align: justify;\">Esta Pol\u00edtica de Cookies, forma parte de la <strong>Pol\u00edtica de Privacidad<\/strong> del sitio web alojado bajo el nombre de dominio www.sagesa.net (el \u201c<strong>Sitio Web<\/strong>\u201d), as\u00ed como de la aplicaci\u00f3n m\u00f3vil (\u201c<strong>App<\/strong>\u201d) y bajo cualquiera de los subdominios o p\u00e1ginas web dependientes del mismo.<\/p>\n<p style=\"text-align: justify;\">Como se indica en la Pol\u00edtica de Privacidad de SERVICIOS DE ADMINISTRACI\u00d3N Y GESTI\u00d3N S.A. en adelante, SAGESA, siempre que los Usuarios presten su consentimiento, recopila  informaci\u00f3n de sus visitas y de su uso de nuestros servicios para garantizar el acceso a determinadas funcionalidades, facilitarle el uso y la navegaci\u00f3n a trav\u00e9s del Sitio Web y la App y realizar estad\u00edsticas sobre el uso y la eficacia de los servicios mediante el estudio de los h\u00e1bitos de navegaci\u00f3n de los Usuarios. Para ello, utilizamos diversas tecnolog\u00edas como scripts, etiquetas, balizas de almacenamiento local, web beacon o baliza web y las conocidas como \u201ccookies\u201d.<\/p>\n<p style=\"text-align: justify;\"><strong>\u00bfQu\u00e9 es una cookie?<\/strong><\/p>\n<p style=\"text-align: justify;\">Una cookie es un peque\u00f1o fichero de informaci\u00f3n que se descarga en el terminal del Usuario (ya sea un ordenador, Smartphone o tableta) cuando \u00e9ste accede a una p\u00e1gina web y que permite al titular de dicha p\u00e1gina almacenar o recuperar determinada informaci\u00f3n.<\/p>\n<p style=\"text-align: justify;\">Las cookies se utilizan habitualmente para medir el uso de los sitios web como el n\u00famero de visitantes y duraci\u00f3n de la visita y su eficacia, as\u00ed como para facilitar la navegaci\u00f3n o el uso y como tales, no est\u00e1n asociadas a ninguna informaci\u00f3n de car\u00e1cter personal. No obstante, tambi\u00e9n se utilizan para personalizar la experiencia de un visitante conocido en un sitio web al asociarse a su informaci\u00f3n de perfil o preferencias de usuario. Al ofrecer informaci\u00f3n sobre los h\u00e1bitos de navegaci\u00f3n de los Usuarios pueden afectar a la privacidad de los mismos, por este motivo, SAGESA ofrece a sus Usuarios la informaci\u00f3n necesaria sobre las cookies utilizadas por SAGESA para que cuenten con la informaci\u00f3n relevante al decidir si consienten en su utilizaci\u00f3n.<\/p>\n<p style=\"text-align: justify;\"><strong>\u00bfPor qu\u00e9 utilizamos cookies?<\/strong><\/p>\n<p style=\"text-align: justify;\">Utilizamos cookies para obtener m\u00e1s informaci\u00f3n sobre la forma en que los Usuarios utilizan nuestros contenidos y nos ayudan a mejorar su experiencia cuando visitan nuestro Sitio Web.<\/p>\n<p style=\"text-align: justify;\">Cuando el Usuario acceda al Sitio Web, se le ofrecer\u00e1 informaci\u00f3n sobre el uso de esta tecnolog\u00eda y se solicitar\u00e1 que nos otorgue de manera expresa su consentimiento para ello. A este respecto, se informa a los Usuarios de que para poder utilizar todos los servicios y funcionalidades del Sitio Web ser\u00e1 necesario habilitar determinadas cookies en el navegador de Internet y, si el Usuario deniega dicho consentimiento, el acceso al mismo podr\u00eda quedar impedido.<\/p>\n<p style=\"text-align: justify;\">En cualquier momento el Usuario podr\u00e1 retirar su consentimiento al uso de esta tecnolog\u00eda mediante las funciones de su navegador, desactivando las cookies o bloqueando la posibilidad de que se descarguen en tu equipo o dispositivo. Consultar el apartado de \u201c\u00bfC\u00f3mo rechazar las cookies?\u201d de este documento para obtener m\u00e1s informaci\u00f3n al respecto.<\/p>\n<p style=\"text-align: justify;\"><strong>Tipos de cookies<\/strong><\/p>\n<p style=\"text-align: justify;\">En el Sitio Web se utilizan los siguientes tipos de cookies:<\/p>\n<ul style=\"text-align: justify;\">\n<li><strong>Seg\u00fan la entidad que las gestione:<\/strong>\n<ul>\n<li>Propias: Son aquellas que se env\u00edan al equipo terminal del usuario desde un equipo o dominio gestionado por el propio editor y desde el que se presta el servicio solicitado por el usuario.<\/li>\n<li>De terceros: Son aquellas que se env\u00edan al equipo terminal del usuario desde un equipo o dominio que no es gestionado por el propio editor, sino por otra entidad que trata los datos obtenidos a traces de las cookies.<\/li>\n<\/ul>\n<\/li>\n<li><strong>Seg\u00fan el plazo de tiempo que permanecen activas:<\/strong>\n<ul>\n<li>Cookies de sesi\u00f3n: Son un tipo de cookies dise\u00f1adas para recabar y almacenar datos mientras el usuario accede a una p\u00e1gina web. Expiran una vez el usuario abandona el Sitio Web.<\/li>\n<li>Cookies persistentes: Son un tipo de cookies en el que los datos sigues almacenados en el terminal y pueden ser accedidos y tratados durante un periodo de tiempo definido por el  responsable de la cookie, y que puede ir de unos minutos a unos a\u00f1os.<\/li>\n<\/ul>\n<\/li>\n<li><strong>Seg\u00fan su finalidad:<\/strong>\n<ul>\n<li>Cookies t\u00e9cnicas: Permiten al usuario la navegaci\u00f3n a trav\u00e9s del Sitio Web y la utilizaci\u00f3n de sus diferentes opciones o servicios.<\/li>\n<li>Cookies de An\u00e1lisis: Permiten cuantificar el n\u00famero de usuarios y el tiempo de conexi\u00f3n de los mismos y as\u00ed realizar la medici\u00f3n y an\u00e1lisis estad\u00edstico de la utilizaci\u00f3n que hacen de los servicios ofertados con el fin de mejorar la oferta que se ofrece a los usuarios.<\/li>\n<li>Cookies de publicidad comportamental: Estas cookies almacenan informaci\u00f3n sobre el comportamiento de los usuarios, la cual ha sido obtenida a trav\u00e9s de la observaci\u00f3n y seguimiento continuado de sus h\u00e1bitos de navegaci\u00f3n.<\/li>\n<\/ul>\n<\/li>\n<\/ul>\n<p style=\"text-align: justify;\"><strong>\u00bfC\u00f3mo se rechazan las cookies?<\/strong><\/p>\n<p style=\"text-align: justify;\">En cualquier momento, puedes impedir la instalaci\u00f3n de cookies en tu equipo mediante la opci\u00f3n correspondiente de su navegador (funci\u00f3n de ayuda), pero en dicho caso no podremos asegurarte el correcto funcionamiento de las distintas funcionalidades de nuestro Sitio Web.<\/p>\n<p style=\"text-align: justify;\">Aqu\u00ed dispone de los enlaces para la gesti\u00f3n y bloqueo de cookies dependiendo del navegador que utilices:<br \/>\nInternet Explorer: <a href=\"http:\/\/windows.microsoft.com\/es-xl\/internet-explorer\/delete-manage-cookies#ie=ie-10\" target=\"_blank\" rel=\"noopener\">http:\/\/windows.microsoft.com\/es-xl\/internet-explorer\/delete-manage-cookies#ie=ie-10.<\/a><br \/>\nFireFox: <a href=\"http:\/\/support.mozilla.org\/es\/kb\/habilitar-y-deshabilitar-cookies-que-los-sitios-we\" target=\"_blank\" rel=\"noopener\">http:\/\/support.mozilla.org\/es\/kb\/habilitar-y-deshabilitar-cookies-que-los-sitios-we.<\/a><\/p>\n<p style=\"text-align: justify;\">Chrome: <a href=\"https:\/\/support.google.com\/chrome\/answer\/95647?hl=es\">https:\/\/support.google.com\/chrome\/answer\/95647?hl=es.<\/a><br \/>\nSafari: <a href=\"http:\/\/www.apple.com\/es\/privacy\/use-of-cookies\" target=\"_blank\" rel=\"noopener\">www.apple.com\/es\/privacy\/use-of-cookies\/.<\/a><\/p>\n<p style=\"text-align: justify;\">Tambi\u00e9n puedes gestionar el almac\u00e9n de cookies desde otras herramientas como:<br \/>\nGhostery: <a href=\"http:\/\/www.ghostery.com\" target=\"_blank\" rel=\"noopener\">www.ghostery.com.<\/a><br \/>\nYour online choices: <a href=\"http:\/\/www.youronlinechoices.com\/es\" target=\"_blank\" rel=\"noopener\">www.youronlinechoices.com\/es.<\/a><\/p>\n<p style=\"text-align: justify;\"><strong>Modificaciones de la Pol\u00edtica de Cookies<\/strong><\/p>\n<p style=\"text-align: justify;\">Es posible que actualicemos la pol\u00edtica de cookies del Sitio Web debido a exigencias de la normativa aplicable en cada momento, motivos t\u00e9cnicos, cambios en los servicios ofrecidos por SAGESA. Por ello te recomendamos revisar esta pol\u00edtica cada vez que accedas a nuestro Sitio Web con el objetivo de estar adecuadamente informado sobre c\u00f3mo y para qu\u00e9 usamos las cookies y otras tecnolog\u00edas.<\/p>\n","protected":false},"excerpt":{"rendered":"<p>Esta Pol\u00edtica de Cookies, forma parte de la Pol\u00edtica de Privacidad del sitio web alojado bajo el nombre de dominio www.sagesa.net (el \u201cSitio Web\u201d), as\u00ed como de la aplicaci\u00f3n m\u00f3vil (\u201cApp\u201d) y bajo cualquiera de los subdominios o p\u00e1ginas web dependientes del mismo. Como se indica en la Pol\u00edtica de Privacidad de SERVICIOS DE ADMINISTRACI\u00d3N [&hellip;]<\/p>\n","protected":false},"author":1,"featured_media":0,"parent":0,"menu_order":0,"comment_status":"closed","ping_status":"closed","template":"","meta":{"footnotes":""},"_links":{"self":[{"href":"https:\/\/sagesa.net\/en\/wp-json\/wp\/v2\/pages\/240"}],"collection":[{"href":"https:\/\/sagesa.net\/en\/wp-json\/wp\/v2\/pages"}],"about":[{"href":"https:\/\/sagesa.net\/en\/wp-json\/wp\/v2\/types\/page"}],"author":[{"embeddable":true,"href":"https:\/\/sagesa.net\/en\/wp-json\/wp\/v2\/users\/1"}],"replies":[{"embeddable":true,"href":"https:\/\/sagesa.net\/en\/wp-json\/wp\/v2\/comments?post=240"}],"version-history":[{"count":0,"href":"https:\/\/sagesa.net\/en\/wp-json\/wp\/v2\/pages\/240\/revisions"}],"wp:attachment":[{"href":"https:\/\/sagesa.net\/en\/wp-json\/wp\/v2\/media?parent=240"}],"curies":[{"name":"wp","href":"https:\/\/api.w.org\/{rel}","templated":true}]}}