{"id":233,"date":"2018-04-11T09:54:13","date_gmt":"2018-04-11T09:54:13","guid":{"rendered":"http:\/\/mlgserver.com\/sagesa\/en\/?page_id=233"},"modified":"2019-07-09T14:19:55","modified_gmt":"2019-07-09T14:19:55","slug":"aviso-legal","status":"publish","type":"page","link":"https:\/\/sagesa.net\/en\/aviso-legal\/","title":{"rendered":"LEGAL ADVICE"},"content":{"rendered":"<p style=\"text-align: justify;\">El presente aviso legal regula el uso del servicio de la p\u00e1gina web www.sagesa.net que la empresa SERVICIOS DE ADMINISTRACI\u00d3N Y GESTI\u00d3N S.A. en adelante, SAGESA con CIF A29103090 pone a disposici\u00f3n de los usuarios de Internet.<\/p>\n<p style=\"text-align: justify;\"><strong>Direcci\u00f3n: Urb. Jardines de las Golondrinas. Crta. C\u00e1diz km 192. 29604. Marbella<\/strong><br \/>\n<strong>Tel\u00e9fonos: 952 85 04 77<\/strong><br \/>\n<strong>E-mail : dpd@sagesa.net<\/strong><\/p>\n<p style=\"text-align: justify;\">\nLos derechos de propiedad intelectual de la p\u00e1gina web, su c\u00f3digo fuente, dise\u00f1o, estructura de navegaci\u00f3n, bases de datos y los distintos elementos en \u00e9l contenidos (im\u00e1genes, ficheros, logos y cualquier otro elemento susceptible de protecci\u00f3n son titularidad de SAGESA a quien corresponde el ejercicio exclusivo de los derechos de explotaci\u00f3n de los mismos en cualquier forma y, en especial, los derechos de reproducci\u00f3n, distribuci\u00f3n, comunicaci\u00f3n p\u00fablica y transformaci\u00f3n.<\/p>\n<p style=\"text-align: justify;\">\nEst\u00e1n prohibidas la reproducci\u00f3n, transformaci\u00f3n, distribuci\u00f3n, comunicaci\u00f3n p\u00fablica, puesta a disposici\u00f3n del p\u00fablico y, en general cualquier otra forma de explotaci\u00f3n, parcial o total de los<br \/>\nelementos referidos en el apartado anterior. Estos actos de explotaci\u00f3n s\u00f3lo podr\u00e1n ser realizados en virtud de autorizaci\u00f3n expresa de SAGESA y que, en todo caso, deber\u00e1n hacer referencia expl\u00edcita a la titularidad de los citados derechos de propiedad intelectual de SAGESA.<br \/>\nRespecto a las citas de productos y servicios de terceros la empresa reconoce a favor de sus titulares los correspondientes derechos de propiedad industrial e intelectual, no implicando su sola menci\u00f3n o aparici\u00f3n en la Web la existencia de derechos o responsabilidad alguna de SAGESA sobre los mismos, como tampoco respaldo, patrocinio o recomendaci\u00f3n a no ser que se manifieste de manera expresa.<\/p>\n<p style=\"text-align: justify;\">\nLa utilizaci\u00f3n no autorizada de la informaci\u00f3n contenida en la Web as\u00ed como la lesi\u00f3n de los derechos de Propiedad Intelectual e Industrial de SAGESA dar\u00e1 lugar a las responsabilidades legalmente establecidas.<\/p>\n<p style=\"text-align: justify;\">Contenidos:<\/p>\n<p style=\"text-align: justify;\">\nEsta web contiene materiales preparados por SAGESA con car\u00e1cter informativo u orientativo, pudiendo ser modificados, desarrollados o actualizados sin previo aviso.<\/p>\n<p style=\"text-align: justify;\">\nLa documentaci\u00f3n insertada puede no reflejar el estado legislativo o jurisprudencial m\u00e1s actual. SAGESA no se responsabiliza de los posibles errores, variaciones u omisiones que pudieran apreciarse, as\u00ed como del uso que de estos documentos se haga. Aconsejamos, la consulta de los boletines o diarios oficiales, as\u00ed como las fuentes informativas de las cuales se hayan obtenido las noticias.<\/p>\n<p style=\"text-align: justify;\">\nLos enlaces que contiene esta p\u00e1gina web pueden conducir al usuario a otros sitios y p\u00e1ginas web de terceros sobre las que SAGESA no ejerce ning\u00fan tipo de control ni responde de los contenidos y estado de las webs de enlace.<\/p>\n<p style=\"text-align: justify;\">SAGESA no garantiza la ausencia de virus u otros elementos lesivos que pudieran causar da\u00f1os o alteraciones en el sistema inform\u00e1tico, de manera que no responde por los da\u00f1os y perjuicios que estos elementos pudieran ocasionar al usuario o terceros.<\/p>\n<p style=\"text-align: justify;\">\nTodo enlace de terceros a la Web debe serlo a su p\u00e1gina principal, quedando expresamente prohibidos los \u201clinks profundos\u201d, el \u201cframing\u201d y cualquier otro aprovechamiento de los contenidos de la Web a favor de terceros no autorizados.<\/p>\n","protected":false},"excerpt":{"rendered":"<p>El presente aviso legal regula el uso del servicio de la p\u00e1gina web www.sagesa.net que la empresa SERVICIOS DE ADMINISTRACI\u00d3N Y GESTI\u00d3N S.A. en adelante, SAGESA con CIF A29103090 pone a disposici\u00f3n de los usuarios de Internet. Direcci\u00f3n: Urb. Jardines de las Golondrinas. Crta. C\u00e1diz km 192. 29604. Marbella Tel\u00e9fonos: 952 85 04 77 E-mail [&hellip;]<\/p>\n","protected":false},"author":1,"featured_media":0,"parent":0,"menu_order":0,"comment_status":"closed","ping_status":"closed","template":"","meta":{"footnotes":""},"_links":{"self":[{"href":"https:\/\/sagesa.net\/en\/wp-json\/wp\/v2\/pages\/233"}],"collection":[{"href":"https:\/\/sagesa.net\/en\/wp-json\/wp\/v2\/pages"}],"about":[{"href":"https:\/\/sagesa.net\/en\/wp-json\/wp\/v2\/types\/page"}],"author":[{"embeddable":true,"href":"https:\/\/sagesa.net\/en\/wp-json\/wp\/v2\/users\/1"}],"replies":[{"embeddable":true,"href":"https:\/\/sagesa.net\/en\/wp-json\/wp\/v2\/comments?post=233"}],"version-history":[{"count":0,"href":"https:\/\/sagesa.net\/en\/wp-json\/wp\/v2\/pages\/233\/revisions"}],"wp:attachment":[{"href":"https:\/\/sagesa.net\/en\/wp-json\/wp\/v2\/media?parent=233"}],"curies":[{"name":"wp","href":"https:\/\/api.w.org\/{rel}","templated":true}]}}