{"id":1196,"date":"2021-04-19T09:30:37","date_gmt":"2021-04-19T09:30:37","guid":{"rendered":"https:\/\/sagesa.net\/en\/?page_id=1196"},"modified":"2021-07-05T11:47:56","modified_gmt":"2021-07-05T11:47:56","slug":"comprehensive-reforms","status":"publish","type":"page","link":"https:\/\/sagesa.net\/en\/services\/comprehensive-reforms\/","title":{"rendered":"Comprehensive reforms"},"content":{"rendered":"[vc_row fullwidth=&#8221;true&#8221; fullwidth_content=&#8221;false&#8221; disable_element=&#8221;yes&#8221; css=&#8221;.vc_custom_1617802993444{padding-top: 100px !important;padding-bottom: 100px !important;background-image: url(https:\/\/sagesa.net\/wp-content\/uploads\/2021\/04\/reformas-integrales-todo-bl.jpg?id=1178) !important;background-position: 0 0 !important;background-repeat: no-repeat !important;}&#8221;][vc_column][vc_column_text css=&#8221;.vc_custom_1614683249350{margin-bottom: 0px !important;}&#8221;]\n<h2 style=\"text-align: center; color: #000;\"><strong style=\"color: #000000!important;\">REFORMAS INTEGRALES<br \/>\n<\/strong><\/h2>\n[\/vc_column_text][\/vc_column][\/vc_row][vc_row][vc_column][vc_single_image image=&#8221;1217&#8243; img_size=&#8221;full&#8221; alignment=&#8221;center&#8221;][\/vc_column][\/vc_row][vc_row css=&#8221;.vc_custom_1614682674616{margin-top: 50px !important;margin-bottom: 50px !important;}&#8221;][vc_column][vc_column_text css=&#8221;.vc_custom_1618824533763{margin-bottom: 0px !important;}&#8221;]\n<h3 style=\"text-align: center;\">We help you\u00a0<strong>plan <\/strong>and have a \u00a0<strong>global vision<\/strong>\u00a0of the process that a reform implies.<\/h3>\n[\/vc_column_text][\/vc_column][\/vc_row][vc_row css=&#8221;.vc_custom_1614682674616{margin-top: 50px !important;margin-bottom: 50px !important;}&#8221;][vc_column width=&#8221;1\/3&#8243;][mk_icon_box2 icon_type=&#8221;image&#8221; icon_size=&#8221;inherit&#8221; icon_image=&#8221;https:\/\/sagesa.net\/wp-content\/uploads\/2021\/02\/fasediseno.png&#8221; title=&#8221;DESIGN PHASE&#8221;]We help you plan and have a global vision of the process that a reform implies.[\/mk_icon_box2][\/vc_column][vc_column width=&#8221;1\/3&#8243;][mk_icon_box2 icon_type=&#8221;image&#8221; icon_size=&#8221;inherit&#8221; icon_image=&#8221;https:\/\/sagesa.net\/wp-content\/uploads\/2021\/02\/materiales.png&#8221; title=&#8221;MATERIALS&#8221;]You will have the opportunity to visit our suppliers exhibitions, where you can see the shape, the design and quality. If you already have the materials we will install them.[\/mk_icon_box2][\/vc_column][vc_column width=&#8221;1\/3&#8243;][mk_icon_box2 icon_type=&#8221;image&#8221; icon_size=&#8221;inherit&#8221; icon_image=&#8221;https:\/\/sagesa.net\/wp-content\/uploads\/2021\/02\/presupuesto.png&#8221; title=&#8221;ADAPTED BUDGET&#8221;]We will provide closed quotes, adapted to your budget, where we detail measurements, materials, qualities, prices and delivery of the work.[\/mk_icon_box2][\/vc_column][\/vc_row][vc_row css=&#8221;.vc_custom_1614682674616{margin-top: 50px !important;margin-bottom: 50px !important;}&#8221;][vc_column width=&#8221;1\/6&#8243;][\/vc_column][vc_column width=&#8221;2\/6&#8243;][mk_icon_box2 icon_type=&#8221;image&#8221; icon_size=&#8221;inherit&#8221; icon_image=&#8221;https:\/\/sagesa.net\/wp-content\/uploads\/2021\/02\/ejecucion.png&#8221; title=&#8221;EXECUTION OF THE WORK&#8221;]We carry out a work plan with each builder and supplier to fulfil the order of our client within an agreed timeframe.[\/mk_icon_box2][\/vc_column][vc_column width=&#8221;2\/6&#8243;][mk_icon_box2 icon_type=&#8221;image&#8221; icon_size=&#8221;inherit&#8221; icon_image=&#8221;https:\/\/sagesa.net\/wp-content\/uploads\/2021\/02\/llaves.png&#8221; title=&#8221;KEY DELIVERY&#8221;]On completion of the reform, we do a final review with the client.[\/mk_icon_box2][\/vc_column][vc_column width=&#8221;1\/6&#8243;][\/vc_column][\/vc_row][vc_row fullwidth=&#8221;true&#8221; fullwidth_content=&#8221;false&#8221; equal_columns=&#8221;true&#8221; disable_element=&#8221;yes&#8221; el_class=&#8221;pidepresupuesto&#8221; css=&#8221;.vc_custom_1614682437943{margin-top: -50px !important;padding-top: 80px !important;padding-right: 10px !important;padding-bottom: 80px !important;padding-left: 10px !important;background-image: url(https:\/\/sagesa.net\/wp-content\/uploads\/2021\/02\/reformas-integrales.jpg?id=1131) !important;background-position: center !important;background-repeat: no-repeat !important;background-size: cover !important;}&#8221;][vc_column][vc_column_text css=&#8221;.vc_custom_1614343117346{margin-bottom: 0px !important;}&#8221;]\n<h3 style=\"text-align: center;\">Te ayudamos a\u00a0<strong>planificar\u00a0<\/strong>y tener una\u00a0<strong>visi\u00f3n global<\/strong>\u00a0del proceso que implica una\u00a0<strong>reforma<\/strong>.<\/h3>\n[\/vc_column_text][vc_empty_space][vc_row_inner][vc_column_inner width=&#8221;1\/2&#8243;][vc_column_text el_class=&#8221;clasegrande&#8221; css=&#8221;.vc_custom_1614447351875{margin-bottom: 0px !important;padding-top: 20px !important;padding-right: 30px !important;padding-bottom: 30px !important;padding-left: 30px !important;background-color: rgba(255,255,255,0.61) !important;*background-color: rgb(255,255,255) !important;}&#8221;]<img loading=\"lazy\" decoding=\"async\" class=\"alignleft size-full wp-image-1114\" src=\"https:\/\/sagesa.net\/wp-content\/uploads\/2021\/02\/fasediseno.png\" alt=\"\" width=\"111\" height=\"94\" \/><strong>FASE DE DISE\u00d1O<\/strong><\/p>\n<p>Te ayudamos a planificar y tener una visi\u00f3n global del proceso que implica una reforma.[\/vc_column_text][vc_column_text el_class=&#8221;clasegrande&#8221; css=&#8221;.vc_custom_1614447440699{margin-bottom: 0px !important;padding-top: 20px !important;padding-right: 30px !important;padding-bottom: 30px !important;padding-left: 30px !important;background-color: rgba(255,255,255,0.61) !important;*background-color: rgb(255,255,255) !important;}&#8221;]<img loading=\"lazy\" decoding=\"async\" class=\"alignleft wp-image-1116 size-full\" src=\"https:\/\/sagesa.net\/wp-content\/uploads\/2021\/02\/materiales.png\" alt=\"\" width=\"135\" height=\"115\" \/><strong>MATERIALES<\/strong><\/p>\n<p>Visitar\u00e1s la exposici\u00f3n de nuestros proveedores de materiales, donde podr\u00e1s ver la forma, el dise\u00f1o y calidad. Si ya tienes los materiales[\/vc_column_text][vc_column_text el_class=&#8221;clasegrande&#8221; css=&#8221;.vc_custom_1614447467695{margin-bottom: 0px !important;padding-top: 20px !important;padding-right: 30px !important;padding-bottom: 30px !important;padding-left: 30px !important;background-color: rgba(255,255,255,0.61) !important;*background-color: rgb(255,255,255) !important;}&#8221;]<img loading=\"lazy\" decoding=\"async\" class=\"alignleft wp-image-1117 size-full\" src=\"https:\/\/sagesa.net\/wp-content\/uploads\/2021\/02\/presupuesto.png\" alt=\"\" width=\"135\" height=\"98\" \/><strong>PRESUPUESTO ADAPTADO<\/strong><\/p>\n<p>Realizamos el presupuesto cerrado y adaptado a tu presupuesto, donde detallamos mediciones, materiales, calidades, precios y entrega de la obra.[\/vc_column_text][vc_column_text el_class=&#8221;clasegrande&#8221; css=&#8221;.vc_custom_1614526501196{margin-bottom: 0px !important;padding-top: 20px !important;padding-right: 30px !important;padding-bottom: 30px !important;padding-left: 30px !important;background-color: rgba(255,255,255,0.61) !important;*background-color: rgb(255,255,255) !important;}&#8221;]<img loading=\"lazy\" decoding=\"async\" class=\"alignleft wp-image-1113 size-full\" src=\"https:\/\/sagesa.net\/wp-content\/uploads\/2021\/02\/ejecucion.png\" alt=\"\" width=\"114\" height=\"86\" \/><strong>EJECUCI\u00d3N DE LA OBRA<\/strong><\/p>\n<p>Realizamos un planing de obra con cada uno de los intervinientes para cumplir con el encargo de nuestro cliente en el tiempo marcado.[\/vc_column_text][vc_column_text el_class=&#8221;clasegrande&#8221; css=&#8221;.vc_custom_1614447515529{margin-bottom: 0px !important;padding-top: 20px !important;padding-right: 30px !important;padding-bottom: 30px !important;padding-left: 30px !important;background-color: rgba(255,255,255,0.61) !important;*background-color: rgb(255,255,255) !important;}&#8221;]<img loading=\"lazy\" decoding=\"async\" class=\"alignleft wp-image-1115 size-full\" src=\"https:\/\/sagesa.net\/wp-content\/uploads\/2021\/02\/llaves.png\" alt=\"\" width=\"122\" height=\"97\" \/><strong>ENTREGA DE LLAVES<\/strong><\/p>\n<p>Una vez acabada la reforma, realizamos una revisi\u00f3n final con el cliente.[\/vc_column_text][\/vc_column_inner][vc_column_inner width=&#8221;1\/2&#8243;][vc_column_text css=&#8221;.vc_custom_1528119871407{margin-bottom: 0px !important;padding-top: 20px !important;padding-right: 30px !important;padding-bottom: 30px !important;padding-left: 30px !important;background-color: rgba(255,255,255,0.61) !important;*background-color: rgb(255,255,255) !important;}&#8221;]\n<h3 style=\"text-align: center;\">Solicita tu presupuesto<\/h3>\n\n<div class=\"wpcf7 no-js\" id=\"wpcf7-f320-o1\" lang=\"es-ES\" dir=\"ltr\">\n<div class=\"screen-reader-response\"><p role=\"status\" aria-live=\"polite\" aria-atomic=\"true\"><\/p> <ul><\/ul><\/div>\n<form action=\"\/en\/wp-json\/wp\/v2\/pages\/1196#wpcf7-f320-o1\" method=\"post\" class=\"wpcf7-form init\" aria-label=\"Formulario de contacto\" novalidate=\"novalidate\" data-status=\"init\">\n<div style=\"display: none;\">\n<input type=\"hidden\" name=\"_wpcf7\" value=\"320\" \/>\n<input type=\"hidden\" name=\"_wpcf7_version\" value=\"5.9.8\" \/>\n<input type=\"hidden\" name=\"_wpcf7_locale\" value=\"es_ES\" \/>\n<input type=\"hidden\" name=\"_wpcf7_unit_tag\" value=\"wpcf7-f320-o1\" \/>\n<input type=\"hidden\" name=\"_wpcf7_container_post\" value=\"0\" \/>\n<input type=\"hidden\" name=\"_wpcf7_posted_data_hash\" value=\"\" \/>\n<\/div>\n<p><label> Nombre*<br \/>\n<span class=\"wpcf7-form-control-wrap\" data-name=\"your-name\"><input size=\"40\" maxlength=\"400\" class=\"wpcf7-form-control wpcf7-text wpcf7-validates-as-required\" aria-required=\"true\" aria-invalid=\"false\" value=\"\" type=\"text\" name=\"your-name\" \/><\/span> <\/label>\n<\/p>\n<p><label> Email*<br \/>\n<span class=\"wpcf7-form-control-wrap\" data-name=\"your-email\"><input size=\"40\" maxlength=\"400\" class=\"wpcf7-form-control wpcf7-email wpcf7-validates-as-required wpcf7-text wpcf7-validates-as-email\" aria-required=\"true\" aria-invalid=\"false\" value=\"\" type=\"email\" name=\"your-email\" \/><\/span> <\/label>\n<\/p>\n<p><label> Tel\u00e9fono*<br \/>\n<span class=\"wpcf7-form-control-wrap\" data-name=\"telefono\"><input size=\"40\" maxlength=\"400\" class=\"wpcf7-form-control wpcf7-text wpcf7-validates-as-required\" aria-required=\"true\" aria-invalid=\"false\" value=\"\" type=\"text\" name=\"telefono\" \/><\/span> <\/label>\n<\/p>\n<p><label> Seleccionar Servicio*<br \/>\n<span class=\"wpcf7-form-control-wrap\" data-name=\"menu-677\"><select class=\"wpcf7-form-control wpcf7-select wpcf7-validates-as-required\" aria-required=\"true\" aria-invalid=\"false\" name=\"menu-677\"><option value=\"\">&#8212;Por favor, elige una opci\u00f3n&#8212;<\/option><option value=\"Administraci\u00f3n de Fincas\">Administraci\u00f3n de Fincas<\/option><option value=\"Limpieza y Lavander\u00eda\">Limpieza y Lavander\u00eda<\/option><option value=\"Jardiner\u00eda y Paisajismo\">Jardiner\u00eda y Paisajismo<\/option><option value=\"Mantenimiento y Reformas\">Mantenimiento y Reformas<\/option><option value=\"Asesoramiento Fiscal\">Asesoramiento Fiscal<\/option><option value=\"Corredur\u00eda de Seguros\">Corredur\u00eda de Seguros<\/option><\/select><\/span><\/label>\n<\/p>\n<p><label> Solicitud de presupuesto*<br \/>\n<span class=\"wpcf7-form-control-wrap\" data-name=\"your-message\"><textarea cols=\"40\" rows=\"10\" maxlength=\"2000\" class=\"wpcf7-form-control wpcf7-textarea wpcf7-validates-as-required\" aria-required=\"true\" aria-invalid=\"false\" name=\"your-message\"><\/textarea><\/span> <\/label>\n<\/p>\n<p><span class=\"float:left;width:5%;background:pink;overflow:auto;\"><span class=\"wpcf7-form-control-wrap\" data-name=\"acceptance-483\"><span class=\"wpcf7-form-control wpcf7-acceptance\"><span class=\"wpcf7-list-item\"><input type=\"checkbox\" name=\"acceptance-483\" value=\"1\" aria-invalid=\"false\" \/><\/span><\/span><\/span><\/span><span class=\"float:left;width:90%;background:red;\"> Acepto la <a href=\"https:\/\/sagesa.net\/politica-de-privacidad\/\" target=\"_blank\">pol\u00edtica privacidad y de protecci\u00f3n de datos<\/a><\/span>\n<\/p>\n<p>[recaptcha]\n<\/p>\n<p><input class=\"wpcf7-form-control wpcf7-submit has-spinner\" type=\"submit\" value=\"Enviar\" \/>\n<\/p><div class=\"wpcf7-response-output\" aria-hidden=\"true\"><\/div>\n<\/form>\n<\/div>\n[\/vc_column_text][\/vc_column_inner][\/vc_row_inner][\/vc_column][\/vc_row][vc_row][vc_column][mk_gallery images=&#8221;1143,1261,1262,1263,1264&#8243; style=&#8221;style1&#8243; height=&#8221;300&#8243;][mk_gallery images=&#8221;1155,1252,1250,1251,1253&#8243; style=&#8221;style2&#8243; height=&#8221;300&#8243;][\/vc_column][\/vc_row]\n","protected":false},"excerpt":{"rendered":"<p>[vc_row fullwidth=&#8221;true&#8221; fullwidth_content=&#8221;false&#8221; disable_element=&#8221;yes&#8221; css=&#8221;.vc_custom_1617802993444{padding-top: 100px !important;padding-bottom: 100px !important;background-image: url(https:\/\/sagesa.net\/wp-content\/uploads\/2021\/04\/reformas-integrales-todo-bl.jpg?id=1178) !important;background-position: 0 0 !important;background-repeat: no-repeat !important;}&#8221;][vc_column][vc_column_text css=&#8221;.vc_custom_1614683249350{margin-bottom: 0px !important;}&#8221;] REFORMAS INTEGRALES [\/vc_column_text][\/vc_column][\/vc_row][vc_row][vc_column][vc_single_image image=&#8221;1217&#8243; img_size=&#8221;full&#8221; alignment=&#8221;center&#8221;][\/vc_column][\/vc_row][vc_row css=&#8221;.vc_custom_1614682674616{margin-top: 50px !important;margin-bottom: 50px !important;}&#8221;][vc_column][vc_column_text css=&#8221;.vc_custom_1618824533763{margin-bottom: 0px !important;}&#8221;] We help you\u00a0plan and have a \u00a0global vision\u00a0of the process that a reform implies. [\/vc_column_text][\/vc_column][\/vc_row][vc_row css=&#8221;.vc_custom_1614682674616{margin-top: 50px !important;margin-bottom: 50px !important;}&#8221;][vc_column width=&#8221;1\/3&#8243;][mk_icon_box2 icon_type=&#8221;image&#8221; [&hellip;]<\/p>\n","protected":false},"author":1,"featured_media":0,"parent":245,"menu_order":0,"comment_status":"closed","ping_status":"closed","template":"","meta":{"footnotes":""},"_links":{"self":[{"href":"https:\/\/sagesa.net\/en\/wp-json\/wp\/v2\/pages\/1196"}],"collection":[{"href":"https:\/\/sagesa.net\/en\/wp-json\/wp\/v2\/pages"}],"about":[{"href":"https:\/\/sagesa.net\/en\/wp-json\/wp\/v2\/types\/page"}],"author":[{"embeddable":true,"href":"https:\/\/sagesa.net\/en\/wp-json\/wp\/v2\/users\/1"}],"replies":[{"embeddable":true,"href":"https:\/\/sagesa.net\/en\/wp-json\/wp\/v2\/comments?post=1196"}],"version-history":[{"count":0,"href":"https:\/\/sagesa.net\/en\/wp-json\/wp\/v2\/pages\/1196\/revisions"}],"up":[{"embeddable":true,"href":"https:\/\/sagesa.net\/en\/wp-json\/wp\/v2\/pages\/245"}],"wp:attachment":[{"href":"https:\/\/sagesa.net\/en\/wp-json\/wp\/v2\/media?parent=1196"}],"curies":[{"name":"wp","href":"https:\/\/api.w.org\/{rel}","templated":true}]}}